{"id":2,"date":"2020-02-10T20:18:42","date_gmt":"2020-02-10T19:18:42","guid":{"rendered":"https:\/\/planetrentacar.al\/?page_id=2"},"modified":"2024-03-13T09:32:43","modified_gmt":"2024-03-13T08:32:43","slug":"about","status":"publish","type":"page","link":"https:\/\/planetrentacar.al\/fr\/about\/","title":{"rendered":"\u00c0 propos de nous"},"content":{"rendered":"<div class=\"vc_row wpb_row vc_row-fluid vc-slider-bg vc-slider-bg-164248\"><div class=\"wpb_column vc_column_container vc_col-sm-12\"><div class=\"vc_column-inner\"><div class=\"wpb_wrapper\"><div class=\"vc_row wpb_row vc_inner vc_row-fluid\"><div class=\"wpb_column vc_column_container vc_col-sm-12\"><div class=\"vc_column-inner\"><div class=\"wpb_wrapper\">\n\t<div  class=\"wpb_single_image wpb_content_element vc_align_center  wpb_animate_when_almost_visible wpb_bounceInLeft bounceInLeft\">\n\t\t\n\t\t<figure class=\"wpb_wrapper vc_figure\">\n\t\t\t<div class=\"vc_single_image-wrapper   vc_box_border_grey\"><img decoding=\"async\" width=\"300\" height=\"102\" src=\"https:\/\/planetrentacar.al\/wp-content\/uploads\/2020\/02\/Untitled-1-01-300x102.png\" class=\"vc_single_image-img attachment-medium\" alt=\"\" title=\"Untitled-1-01\" srcset=\"https:\/\/planetrentacar.al\/wp-content\/uploads\/2020\/02\/Untitled-1-01-300x102.png 300w, https:\/\/planetrentacar.al\/wp-content\/uploads\/2020\/02\/Untitled-1-01-600x203.png 600w, https:\/\/planetrentacar.al\/wp-content\/uploads\/2020\/02\/Untitled-1-01-768x260.png 768w, https:\/\/planetrentacar.al\/wp-content\/uploads\/2020\/02\/Untitled-1-01.png 894w\" sizes=\"(max-width: 300px) 100vw, 300px\" \/><\/div>\n\t\t<\/figure>\n\t<\/div>\n<\/div><\/div><\/div><\/div><\/div><\/div><\/div><\/div><div class=\"vc_row wpb_row vc_row-fluid vc-slider-bg vc-slider-bg-855407\"><div class=\"wpb_column vc_column_container vc_col-sm-3\"><div class=\"vc_column-inner\"><div class=\"wpb_wrapper\"><\/div><\/div><\/div><div class=\"wpb_column vc_column_container vc_col-sm-6\"><div class=\"vc_column-inner\"><div class=\"wpb_wrapper\"><h2 style=\"text-align: left;font-family:Abril Fatface;font-weight:400;font-style:normal\" class=\"vc_custom_heading wpb_animate_when_almost_visible wpb_fadeInRight fadeInRight\" >Notre approche<\/h2>\n\t<div class=\"wpb_text_column wpb_content_element\" >\n\t\t<div class=\"wpb_wrapper\">\n\t\t\t<p>La volont\u00e9 de donner la contribution maximale dans le secteur des besoins de transport a \u00e9t\u00e9 d\u00e9finie comme suit :<\/p>\n<ul>\n<li>l'agence de location de voitures la plus flexible du Mont\u00e9n\u00e9gro<\/li>\n<li>nous avons des r\u00e8gles, mais nous sommes toujours pr\u00eats \u00e0 r\u00e9pondre \u00e0 des besoins particuliers<\/li>\n<li>nous livrons et r\u00e9cup\u00e9rons des v\u00e9hicules \u00e0 n'importe quel endroit du territoire du Mont\u00e9n\u00e9gro, ainsi que des pays environnants<\/li>\n<\/ul>\n\n\t\t<\/div>\n\t<\/div>\n<\/div><\/div><\/div><div class=\"wpb_column vc_column_container vc_col-sm-3\"><div class=\"vc_column-inner\"><div class=\"wpb_wrapper\"><\/div><\/div><\/div><\/div><div class=\"vc_row wpb_row vc_row-fluid vc-slider-bg vc-slider-bg-581549\"><div class=\"wpb_column vc_column_container vc_col-sm-3\"><div class=\"vc_column-inner\"><div class=\"wpb_wrapper\"><\/div><\/div><\/div><div class=\"wpb_column vc_column_container vc_col-sm-6\"><div class=\"vc_column-inner\"><div class=\"wpb_wrapper\"><h2 style=\"text-align: left;font-family:Abril Fatface;font-weight:400;font-style:normal\" class=\"vc_custom_heading wpb_animate_when_almost_visible wpb_fadeInLeftBig fadeInLeftBig\" >Notre histoire<\/h2>\n\t<div class=\"wpb_text_column wpb_content_element\" >\n\t\t<div class=\"wpb_wrapper\">\n\t\t\t<p>Nous avons commenc\u00e9 en 2016, avec un nombre modeste de v\u00e9hicules ainsi qu'un choix de classes. Avec seulement quatre v\u00e9hicules au d\u00e9part, notre flotte compte aujourd'hui 90 v\u00e9hicules. Nous poss\u00e9dons toutes les cat\u00e9gories de v\u00e9hicules de tourisme.<\/p>\n\n\t\t<\/div>\n\t<\/div>\n<\/div><\/div><\/div><div class=\"wpb_column vc_column_container vc_col-sm-3\"><div class=\"vc_column-inner\"><div class=\"wpb_wrapper\"><\/div><\/div><\/div><\/div><div class=\"vc_row wpb_row vc_row-fluid vc-slider-bg vc-slider-bg-433758\"><div class=\"wpb_column vc_column_container vc_col-sm-3\"><div class=\"vc_column-inner\"><div class=\"wpb_wrapper\"><\/div><\/div><\/div><div class=\"wpb_column vc_column_container vc_col-sm-6\"><div class=\"vc_column-inner\"><div class=\"wpb_wrapper\"><h2 style=\"text-align: left;font-family:Abril Fatface;font-weight:400;font-style:normal\" class=\"vc_custom_heading wpb_animate_when_almost_visible wpb_fadeInRight fadeInRight\" >Nous sommes l\u00e0 pour vous<\/h2>\n\t<div class=\"wpb_text_column wpb_content_element\" >\n\t\t<div class=\"wpb_wrapper\">\n\t\t\t<p>Notre \u00e9quipe est toujours disponible. Vous pouvez nous contacter par t\u00e9l\u00e9phone +38269810805 ou par email \u00e0 <a href=\"mailto:info@planetrentacar.a2hosted.com\">info@planetrentacar.me<\/a><\/p>\n<p>Meriem doo<br \/>\nPib: 02967367<br \/>\nBulevar Veljka Vlahovi\u0107a 16<br \/>\ninfo@planetrentacar.me<br \/>\n+382 69 810 805<\/p>\n\n\t\t<\/div>\n\t<\/div>\n<h2 style=\"text-align: left;font-family:Abril Fatface;font-weight:400;font-style:normal\" class=\"vc_custom_heading wpb_animate_when_almost_visible wpb_fadeInRight fadeInRight\" >Online pla\u0107anje<\/h2>\n\t<div class=\"wpb_text_column wpb_content_element\" >\n\t\t<div class=\"wpb_wrapper\">\n\t\t\t<p>Meriem doo obavezuje se pru\u017eati za\u0161titu li\u010dnim podacima kupaca, na na\u010din da prikuplja samo neophodne, osnovne podatke o kupcima\/ korisnicima koji su nu\u017eni za ispunjenje na\u0161ih obaveza; informi\u0161e kupce o na\u010dinu kori\u0161\u0107enja prikupljenih podataka, redovno daje kupcima mogu\u0107nost izbora o upotrebi njihovih podataka, uklju\u010duju\u0107i mogu\u0107nost odluke \u017eele li ili ne da se njihovo ime ukloni s lista koje se koriste za marketin\u0161ke kampanje. Svi se podaci o korisnicima strogo \u010duvaju i dostupni su samo radnicima kojima su ti podaci nu\u017eni za obavljanje posla. Svi zaposleni u PLANET RENT A CAR i poslovni partneri odgovorni su za po\u0161tovanje na\u010dela za\u0161tite privatnosti.<\/p>\n\n\t\t<\/div>\n\t<\/div>\n\n\t<div class=\"wpb_text_column wpb_content_element\" >\n\t\t<div class=\"wpb_wrapper\">\n\t\t\t<p style=\"text-align: center;\"><img decoding=\"async\" class=\"alignnone size-full wp-image-4034\" src=\"https:\/\/planetrentacar.al\/wp-content\/uploads\/2024\/03\/AmericanExpress50.jpg\" alt=\"\" width=\"50\" height=\"50\" srcset=\"https:\/\/planetrentacar.al\/wp-content\/uploads\/2024\/03\/AmericanExpress50.jpg 50w, https:\/\/planetrentacar.al\/wp-content\/uploads\/2024\/03\/AmericanExpress50-12x12.jpg 12w\" sizes=\"(max-width: 50px) 100vw, 50px\" \/> <img decoding=\"async\" class=\"alignnone wp-image-4038 size-full\" src=\"https:\/\/planetrentacar.al\/wp-content\/uploads\/2024\/03\/Visa50.gif\" alt=\"\" width=\"80\" height=\"50\" srcset=\"https:\/\/planetrentacar.al\/wp-content\/uploads\/2024\/03\/Visa50.gif 80w, https:\/\/planetrentacar.al\/wp-content\/uploads\/2024\/03\/Visa50-18x12.gif 18w\" sizes=\"(max-width: 80px) 100vw, 80px\" \/> <img loading=\"lazy\" decoding=\"async\" class=\"alignnone size-full wp-image-4036\" src=\"https:\/\/planetrentacar.al\/wp-content\/uploads\/2024\/03\/MasterCard50.gif\" alt=\"\" width=\"70\" height=\"50\" srcset=\"https:\/\/planetrentacar.al\/wp-content\/uploads\/2024\/03\/MasterCard50.gif 70w, https:\/\/planetrentacar.al\/wp-content\/uploads\/2024\/03\/MasterCard50-18x12.gif 18w\" sizes=\"(max-width: 70px) 100vw, 70px\" \/> <img loading=\"lazy\" decoding=\"async\" class=\"alignnone size-full wp-image-4035\" src=\"https:\/\/planetrentacar.al\/wp-content\/uploads\/2024\/03\/maestro50.gif\" alt=\"\" width=\"60\" height=\"50\" srcset=\"https:\/\/planetrentacar.al\/wp-content\/uploads\/2024\/03\/maestro50.gif 60w, https:\/\/planetrentacar.al\/wp-content\/uploads\/2024\/03\/maestro50-14x12.gif 14w\" sizes=\"(max-width: 60px) 100vw, 60px\" \/> <img loading=\"lazy\" decoding=\"async\" class=\"alignnone size-full wp-image-4037\" src=\"https:\/\/planetrentacar.al\/wp-content\/uploads\/2024\/03\/mastercard-identity-check.png\" alt=\"\" width=\"67\" height=\"50\" srcset=\"https:\/\/planetrentacar.al\/wp-content\/uploads\/2024\/03\/mastercard-identity-check.png 67w, https:\/\/planetrentacar.al\/wp-content\/uploads\/2024\/03\/mastercard-identity-check-16x12.png 16w, https:\/\/planetrentacar.al\/wp-content\/uploads\/2024\/03\/mastercard-identity-check-65x50.png 65w\" sizes=\"(max-width: 67px) 100vw, 67px\" \/> <img loading=\"lazy\" decoding=\"async\" class=\"alignnone size-full wp-image-4039\" src=\"https:\/\/planetrentacar.al\/wp-content\/uploads\/2024\/03\/visa-secure.png\" alt=\"\" width=\"50\" height=\"50\" srcset=\"https:\/\/planetrentacar.al\/wp-content\/uploads\/2024\/03\/visa-secure.png 50w, https:\/\/planetrentacar.al\/wp-content\/uploads\/2024\/03\/visa-secure-12x12.png 12w\" sizes=\"(max-width: 50px) 100vw, 50px\" \/><\/p>\n\n\t\t<\/div>\n\t<\/div>\n<\/div><\/div><\/div><div class=\"wpb_column vc_column_container vc_col-sm-3\"><div class=\"vc_column-inner\"><div class=\"wpb_wrapper\"><\/div><\/div><\/div><\/div><div class=\"vc_row wpb_row vc_row-fluid vc-slider-bg vc-slider-bg-675212\"><div class=\"wpb_column vc_column_container vc_col-sm-3\"><div class=\"vc_column-inner\"><div class=\"wpb_wrapper\"><\/div><\/div><\/div><div class=\"wpb_column vc_column_container vc_col-sm-6\"><div class=\"vc_column-inner\"><div class=\"wpb_wrapper\"><div class=\"vc_empty_space\"   style=\"height: 32px\"><span class=\"vc_empty_space_inner\"><\/span><\/div><h2 style=\"text-align: center;font-family:Abril Fatface;font-weight:400;font-style:normal\" class=\"vc_custom_heading wpb_animate_when_almost_visible wpb_fadeIn fadeIn\" >Contactez-nous<\/h2>\n<div class=\"wpcf7 no-js\" id=\"wpcf7-f496-o1\" lang=\"bs-BA\" dir=\"ltr\" data-wpcf7-id=\"496\">\n<div class=\"screen-reader-response\"><p role=\"status\" aria-live=\"polite\" aria-atomic=\"true\"><\/p> <ul><\/ul><\/div>\n<form action=\"\/fr\/wp-json\/wp\/v2\/pages\/2#wpcf7-f496-o1\" method=\"post\" class=\"wpcf7-form init\" aria-label=\"Kontakt obrazac\" novalidate=\"novalidate\" data-status=\"init\" data-trp-original-action=\"\/fr\/wp-json\/wp\/v2\/pages\/2#wpcf7-f496-o1\">\n<div style=\"display: none;\">\n<input type=\"hidden\" name=\"_wpcf7\" value=\"496\" \/>\n<input type=\"hidden\" name=\"_wpcf7_version\" value=\"6.0.2\" \/>\n<input type=\"hidden\" name=\"_wpcf7_locale\" value=\"bs_BA\" \/>\n<input type=\"hidden\" name=\"_wpcf7_unit_tag\" value=\"wpcf7-f496-o1\" \/>\n<input type=\"hidden\" name=\"_wpcf7_container_post\" value=\"0\" \/>\n<input type=\"hidden\" name=\"_wpcf7_posted_data_hash\" value=\"\" \/>\n<\/div>\n<label> Votre nom\n    <span class=\"wpcf7-form-control-wrap\" data-name=\"your-name\"><input size=\"40\" maxlength=\"400\" class=\"wpcf7-form-control wpcf7-text wpcf7-validates-as-required\" aria-required=\"true\" aria-invalid=\"false\" value=\"\" type=\"text\" name=\"your-name\" \/><\/span> <\/label>\n\n<label> Votre e-mail\n    <span class=\"wpcf7-form-control-wrap\" data-name=\"your-email\"><input size=\"40\" maxlength=\"400\" class=\"wpcf7-form-control wpcf7-email wpcf7-validates-as-required wpcf7-text wpcf7-validates-as-email\" aria-required=\"true\" aria-invalid=\"false\" value=\"\" type=\"email\" name=\"your-email\" \/><\/span> <\/label>\n\n<label> Sujet\n    <span class=\"wpcf7-form-control-wrap\" data-name=\"your-subject\"><input size=\"40\" maxlength=\"400\" class=\"wpcf7-form-control wpcf7-text wpcf7-validates-as-required\" aria-required=\"true\" aria-invalid=\"false\" value=\"\" type=\"text\" name=\"your-subject\" \/><\/span> <\/label>\n\n<label> Votre message (facultatif)\n    <span class=\"wpcf7-form-control-wrap\" data-name=\"your-message\"><textarea cols=\"40\" rows=\"10\" maxlength=\"2000\" class=\"wpcf7-form-control wpcf7-textarea\" aria-invalid=\"false\" name=\"your-message\"><\/textarea><\/span> <\/label>\n\n<input class=\"wpcf7-form-control wpcf7-submit has-spinner\" type=\"submit\" value=\"Envoyer\" \/><div class=\"wpcf7-response-output\" aria-hidden=\"true\"><\/div>\n<input type=\"hidden\" name=\"trp-form-language\" value=\"fr\"\/><\/form>\n<\/div>\n<\/div><\/div><\/div><div class=\"wpb_column vc_column_container vc_col-sm-3\"><div class=\"vc_column-inner\"><div class=\"wpb_wrapper\"><\/div><\/div><\/div><\/div><div class=\"vc_row wpb_row vc_row-fluid vc-slider-bg vc-slider-bg-504082\"><div class=\"wpb_column vc_column_container vc_col-sm-12\"><div class=\"vc_column-inner\"><div class=\"wpb_wrapper\">\n\t<div class=\"wpb_text_column wpb_content_element\" >\n\t\t<div class=\"wpb_wrapper\">\n\t\t\t<h5><\/h5>\n              <ul><\/ul>\n\n\t\t<\/div>\n\t<\/div>\n<\/div><\/div><\/div><\/div>","protected":false},"excerpt":{"rendered":"Na\u0161 pristup \u017delja da damo maksimalni doprinos u sektoru prevozinih potreba definisala je kao: najfleksibilniju rent a car agenciju u Crnoj Gori imamo pravila, ali smo uvijek spremni da iza\u0111emo u susret posebnim potrebama vr\u0161imo dostavu i preuzimanje vozila na bilo kojoj lokaciji sa teritorije Crne Gore, kao i iz zemalja u okru\u017eenju Na\u0161a pri\u010da [...]","protected":false},"author":1,"featured_media":0,"parent":0,"menu_order":0,"comment_status":"closed","ping_status":"closed","template":"","meta":{"footnotes":""},"class_list":["post-2","page","type-page","status-publish","hentry"],"_links":{"self":[{"href":"https:\/\/planetrentacar.al\/fr\/wp-json\/wp\/v2\/pages\/2","targetHints":{"allow":["GET"]}}],"collection":[{"href":"https:\/\/planetrentacar.al\/fr\/wp-json\/wp\/v2\/pages"}],"about":[{"href":"https:\/\/planetrentacar.al\/fr\/wp-json\/wp\/v2\/types\/page"}],"author":[{"embeddable":true,"href":"https:\/\/planetrentacar.al\/fr\/wp-json\/wp\/v2\/users\/1"}],"replies":[{"embeddable":true,"href":"https:\/\/planetrentacar.al\/fr\/wp-json\/wp\/v2\/comments?post=2"}],"version-history":[{"count":29,"href":"https:\/\/planetrentacar.al\/fr\/wp-json\/wp\/v2\/pages\/2\/revisions"}],"predecessor-version":[{"id":4042,"href":"https:\/\/planetrentacar.al\/fr\/wp-json\/wp\/v2\/pages\/2\/revisions\/4042"}],"wp:attachment":[{"href":"https:\/\/planetrentacar.al\/fr\/wp-json\/wp\/v2\/media?parent=2"}],"curies":[{"name":"wp","href":"https:\/\/api.w.org\/{rel}","templated":true}]}}